{"id":3226,"date":"2026-03-21T02:27:59","date_gmt":"2026-03-21T01:27:59","guid":{"rendered":"https:\/\/gymnastique-artistique-lambersart.fr\/?post_type=product&#038;p=3226"},"modified":"2026-03-21T02:30:38","modified_gmt":"2026-03-21T01:30:38","slug":"precommande-finale-jeunes-formule-gouter","status":"publish","type":"product","link":"https:\/\/gymnastique-artistique-lambersart.fr\/?product=precommande-finale-jeunes-formule-gouter","title":{"rendered":"Pr\u00e9commande Finale Jeunes &#8211; Formule Go\u00fbter"},"content":{"rendered":"<p>Choisissez parmi les \u00e9l\u00e9ments suivants :<\/p>\n<p><strong>&#8211; Cr\u00eape :<\/strong><\/p>\n<ul>\n<li>Nutella<\/li>\n<li>Sucre<\/li>\n<\/ul>\n<p><strong>\u2013 Boissons :\u00a0<\/strong><\/p>\n<ul>\n<li>Coca<\/li>\n<li>Coca z\u00e9ro<\/li>\n<li>Ice-tea<\/li>\n<li>Oasis<\/li>\n<li>Eau plate<\/li>\n<li>Eau gazeuse<\/li>\n<\/ul>\n<p>Prix : 3,5\u20ac (dont 1\u20ac d\u2019Ecocup inclus)<\/p>\n<p>Image produit illustrative, non contractuelle.<\/p>\n","protected":false},"excerpt":{"rendered":"<p>Choisissez parmi les \u00e9l\u00e9ments suivants : &#8211; Cr\u00eape : Nutella Sucre \u2013 Boissons :\u00a0 Coca Coca z\u00e9ro Ice-tea Oasis Eau plate Eau gazeuse Prix : 3,5\u20ac (dont 1\u20ac d\u2019Ecocup inclus) Image produit illustrative, non contractuelle.<\/p>\n","protected":false},"featured_media":3227,"comment_status":"open","ping_status":"closed","template":"","meta":[],"product_brand":[],"product_cat":[68],"product_tag":[],"class_list":{"0":"post-3226","1":"product","2":"type-product","3":"status-publish","4":"has-post-thumbnail","6":"product_cat-finale-jeunes-2026","8":"first","9":"instock","10":"shipping-taxable","11":"purchasable","12":"product-type-variable"},"jetpack_sharing_enabled":true,"_links":{"self":[{"href":"https:\/\/gymnastique-artistique-lambersart.fr\/index.php?rest_route=\/wp\/v2\/product\/3226","targetHints":{"allow":["GET"]}}],"collection":[{"href":"https:\/\/gymnastique-artistique-lambersart.fr\/index.php?rest_route=\/wp\/v2\/product"}],"about":[{"href":"https:\/\/gymnastique-artistique-lambersart.fr\/index.php?rest_route=\/wp\/v2\/types\/product"}],"replies":[{"embeddable":true,"href":"https:\/\/gymnastique-artistique-lambersart.fr\/index.php?rest_route=%2Fwp%2Fv2%2Fcomments&post=3226"}],"wp:featuredmedia":[{"embeddable":true,"href":"https:\/\/gymnastique-artistique-lambersart.fr\/index.php?rest_route=\/wp\/v2\/media\/3227"}],"wp:attachment":[{"href":"https:\/\/gymnastique-artistique-lambersart.fr\/index.php?rest_route=%2Fwp%2Fv2%2Fmedia&parent=3226"}],"wp:term":[{"taxonomy":"product_brand","embeddable":true,"href":"https:\/\/gymnastique-artistique-lambersart.fr\/index.php?rest_route=%2Fwp%2Fv2%2Fproduct_brand&post=3226"},{"taxonomy":"product_cat","embeddable":true,"href":"https:\/\/gymnastique-artistique-lambersart.fr\/index.php?rest_route=%2Fwp%2Fv2%2Fproduct_cat&post=3226"},{"taxonomy":"product_tag","embeddable":true,"href":"https:\/\/gymnastique-artistique-lambersart.fr\/index.php?rest_route=%2Fwp%2Fv2%2Fproduct_tag&post=3226"}],"curies":[{"name":"wp","href":"https:\/\/api.w.org\/{rel}","templated":true}]}}