{"id":3132,"date":"2026-03-21T00:09:40","date_gmt":"2026-03-20T23:09:40","guid":{"rendered":"https:\/\/gymnastique-artistique-lambersart.fr\/?post_type=product&#038;p=3132"},"modified":"2026-03-21T00:13:16","modified_gmt":"2026-03-20T23:13:16","slug":"tee-shirt-finales-jeunes-2026","status":"publish","type":"product","link":"https:\/\/gymnastique-artistique-lambersart.fr\/?product=tee-shirt-finales-jeunes-2026","title":{"rendered":"Tee-Shirt Finales Jeunes 2026"},"content":{"rendered":"<p><strong>T-shirt collector noir 100% coton.<\/strong><\/p>\n<p data-path-to-node=\"11\">Ne repartez pas les mains vides ! Portez le t-shirt officiel des <b data-path-to-node=\"11\" data-index-in-node=\"65\">Finales Jeunes UFOLEP 2026<\/b>.<\/p>\n<ul data-path-to-node=\"12\">\n<li>\n<p data-path-to-node=\"12,0,0\"><em>C\u00f4t\u00e9 face :<\/em> Logo UFOLEP et gymnaste en appui au saut.<\/p>\n<\/li>\n<li>\n<p data-path-to-node=\"12,1,0\"><em>C\u00f4t\u00e9 dos :<\/em> Design complet avec dates, lieu et illustrations graphiques.<\/p>\n<\/li>\n<\/ul>\n<p data-path-to-node=\"12,1,0\"><strong>15\u20ac en pr\u00e9commande jusqu&#8217;au 24 avril<\/strong> , 18\u20ac sur place lors de la comp\u00e9tition.<\/p>\n<p><strong>A retirer sur place \u00e0 l&#8217;accueil lors de la comp\u00e9tition.<\/strong><\/p>\n","protected":false},"excerpt":{"rendered":"<p>T-shirt collector noir 100% coton. Ne repartez pas les mains vides ! Portez le t-shirt officiel des Finales Jeunes UFOLEP 2026. C\u00f4t\u00e9 face : Logo UFOLEP et gymnaste en appui au saut. C\u00f4t\u00e9 dos : Design complet avec dates, lieu et illustrations graphiques. 15\u20ac en pr\u00e9commande jusqu&#8217;au 24 avril , 18\u20ac sur place lors de &hellip;<\/p>\n<p class=\"read-more\"> <a class=\"\" href=\"https:\/\/gymnastique-artistique-lambersart.fr\/?product=tee-shirt-finales-jeunes-2026\"> <span class=\"screen-reader-text\">Tee-Shirt Finales Jeunes 2026<\/span> Lire la suite\u00a0\u00bb<\/a><\/p>\n","protected":false},"featured_media":3133,"comment_status":"closed","ping_status":"closed","template":"","meta":[],"product_brand":[],"product_cat":[68],"product_tag":[69],"class_list":{"0":"post-3132","1":"product","2":"type-product","3":"status-publish","4":"has-post-thumbnail","6":"product_cat-finale-jeunes-2026","7":"product_tag-finale-jeunes","9":"first","10":"instock","11":"sale","12":"shipping-taxable","13":"purchasable","14":"product-type-variable"},"jetpack_sharing_enabled":true,"_links":{"self":[{"href":"https:\/\/gymnastique-artistique-lambersart.fr\/index.php?rest_route=\/wp\/v2\/product\/3132","targetHints":{"allow":["GET"]}}],"collection":[{"href":"https:\/\/gymnastique-artistique-lambersart.fr\/index.php?rest_route=\/wp\/v2\/product"}],"about":[{"href":"https:\/\/gymnastique-artistique-lambersart.fr\/index.php?rest_route=\/wp\/v2\/types\/product"}],"replies":[{"embeddable":true,"href":"https:\/\/gymnastique-artistique-lambersart.fr\/index.php?rest_route=%2Fwp%2Fv2%2Fcomments&post=3132"}],"wp:featuredmedia":[{"embeddable":true,"href":"https:\/\/gymnastique-artistique-lambersart.fr\/index.php?rest_route=\/wp\/v2\/media\/3133"}],"wp:attachment":[{"href":"https:\/\/gymnastique-artistique-lambersart.fr\/index.php?rest_route=%2Fwp%2Fv2%2Fmedia&parent=3132"}],"wp:term":[{"taxonomy":"product_brand","embeddable":true,"href":"https:\/\/gymnastique-artistique-lambersart.fr\/index.php?rest_route=%2Fwp%2Fv2%2Fproduct_brand&post=3132"},{"taxonomy":"product_cat","embeddable":true,"href":"https:\/\/gymnastique-artistique-lambersart.fr\/index.php?rest_route=%2Fwp%2Fv2%2Fproduct_cat&post=3132"},{"taxonomy":"product_tag","embeddable":true,"href":"https:\/\/gymnastique-artistique-lambersart.fr\/index.php?rest_route=%2Fwp%2Fv2%2Fproduct_tag&post=3132"}],"curies":[{"name":"wp","href":"https:\/\/api.w.org\/{rel}","templated":true}]}}