{"id":3113,"date":"2026-03-03T18:27:11","date_gmt":"2026-03-03T17:27:11","guid":{"rendered":"https:\/\/gymnastique-artistique-lambersart.fr\/?post_type=product&#038;p=3113"},"modified":"2026-03-11T19:24:54","modified_gmt":"2026-03-11T18:24:54","slug":"open-gym-adulte-12-mars-2026","status":"publish","type":"product","link":"https:\/\/gymnastique-artistique-lambersart.fr\/?product=open-gym-adulte-12-mars-2026","title":{"rendered":"Open Gym Adulte &#8211; 12 mars 2026"},"content":{"rendered":"<p>Venez (re)d\u00e9couvrir ou montrer vos talents de gymnastes ce jeudi 12 mars 2026 lors d&#8217;un open gym adultes !<\/p>\n<p>RDV \u00e0 la salle Norbert S\u00e9gard de Lambersart<\/p>\n<ul>\n<li>19h30 \u00e0 21h<\/li>\n<\/ul>\n<p>6\u20ac l&#8217;entr\u00e9e<\/p>\n<p>Pour les licenci\u00e9es, venez avec 2 amis et c&#8217;est gratuit pour vous !<\/p>\n","protected":false},"excerpt":{"rendered":"<p>Venez (re)d\u00e9couvrir ou montrer vos talents de gymnastes ce jeudi 12 mars 2026 lors d&#8217;un open gym adultes ! RDV \u00e0 la salle Norbert S\u00e9gard de Lambersart 19h30 \u00e0 21h 6\u20ac l&#8217;entr\u00e9e Pour les licenci\u00e9es, venez avec 2 amis et c&#8217;est gratuit pour vous !<\/p>\n","protected":false},"featured_media":3114,"comment_status":"open","ping_status":"closed","template":"","meta":[],"product_brand":[],"product_cat":[16],"product_tag":[67],"class_list":{"0":"post-3113","1":"product","2":"type-product","3":"status-publish","4":"has-post-thumbnail","6":"product_cat-non-classe","7":"product_tag-opengym","9":"first","10":"outofstock","11":"virtual","12":"purchasable","13":"product-type-simple"},"jetpack_sharing_enabled":true,"_links":{"self":[{"href":"https:\/\/gymnastique-artistique-lambersart.fr\/index.php?rest_route=\/wp\/v2\/product\/3113","targetHints":{"allow":["GET"]}}],"collection":[{"href":"https:\/\/gymnastique-artistique-lambersart.fr\/index.php?rest_route=\/wp\/v2\/product"}],"about":[{"href":"https:\/\/gymnastique-artistique-lambersart.fr\/index.php?rest_route=\/wp\/v2\/types\/product"}],"replies":[{"embeddable":true,"href":"https:\/\/gymnastique-artistique-lambersart.fr\/index.php?rest_route=%2Fwp%2Fv2%2Fcomments&post=3113"}],"wp:featuredmedia":[{"embeddable":true,"href":"https:\/\/gymnastique-artistique-lambersart.fr\/index.php?rest_route=\/wp\/v2\/media\/3114"}],"wp:attachment":[{"href":"https:\/\/gymnastique-artistique-lambersart.fr\/index.php?rest_route=%2Fwp%2Fv2%2Fmedia&parent=3113"}],"wp:term":[{"taxonomy":"product_brand","embeddable":true,"href":"https:\/\/gymnastique-artistique-lambersart.fr\/index.php?rest_route=%2Fwp%2Fv2%2Fproduct_brand&post=3113"},{"taxonomy":"product_cat","embeddable":true,"href":"https:\/\/gymnastique-artistique-lambersart.fr\/index.php?rest_route=%2Fwp%2Fv2%2Fproduct_cat&post=3113"},{"taxonomy":"product_tag","embeddable":true,"href":"https:\/\/gymnastique-artistique-lambersart.fr\/index.php?rest_route=%2Fwp%2Fv2%2Fproduct_tag&post=3113"}],"curies":[{"name":"wp","href":"https:\/\/api.w.org\/{rel}","templated":true}]}}