{"id":2493,"date":"2025-07-06T22:03:06","date_gmt":"2025-07-06T20:03:06","guid":{"rendered":"https:\/\/gymnastique-artistique-lambersart.fr\/?post_type=product&#038;p=2493"},"modified":"2025-07-07T13:08:09","modified_gmt":"2025-07-07T11:08:09","slug":"don-a-lassociation","status":"publish","type":"product","link":"https:\/\/gymnastique-artistique-lambersart.fr\/?product=don-a-lassociation","title":{"rendered":"Don \u00e0 l&#8217;association"},"content":{"rendered":"<p>Don \u00e0 l&#8217;association, faisant b\u00e9n\u00e9ficier d&#8217;une r\u00e9duction d&#8217;imp\u00f4t :<\/p>\n<ul>\n<li>Particuliers : <strong>66 %<\/strong> du montant du don, dans la <em>limite de 20 % du revenu imposable<\/em><\/li>\n<li>Entreprises : <strong>60 %<\/strong> du montant du don, dans la <em>limite de 0,5 % du chiffre d&#8217;affaires hors taxe<\/em> (avec possibilit\u00e9 de report sur 5 ans en cas de d\u00e9passement)<\/li>\n<\/ul>\n<p>Les dons re\u00e7us peuvent \u00eatre affect\u00e9s \u00e0 diff\u00e9rentes actions selon les besoins de l\u2019association. Dans le cas du club de la SMG, les dons contribueront directement \u00e0 :<\/p>\n<p>\u25cf L\u2019am\u00e9lioration des conditions d\u2019accueil des gymnastes<\/p>\n<p>\u25cf Le renouvellement du mat\u00e9riel sportif<\/p>\n<p>\u25cf L\u2019entretien et la mise aux normes des installations<\/p>\n<p>\u25cf Le soutien \u00e0 la participation aux comp\u00e9titions.<\/p>\n<p>Ainsi, chaque don repr\u00e9sente un engagement concret pour le bien-\u00eatre et le d\u00e9veloppement des jeunes gymnastes. Un cerfa sera donn\u00e9 \u00e0 chaque contributeur en justificatif de don.<\/p>\n<p>Par ailleurs, le versement d\u2019un don est totalement ind\u00e9pendant de la pratique sportive au sein du club. Il n\u2019influencera en aucune mani\u00e8re le parcours, les relations, ni les d\u00e9cisions sportives concernant les gymnastes, que ce soit en mati\u00e8re d&#8217;encadrement, de niveaux, de groupes, de participation aux comp\u00e9titions ou de place garantie dans quelconque section.<\/p>\n<p>Merci de consulter la note juridique reprenant l&#8217;ensemble des informations :<\/p>\n<p><a href=\"https:\/\/gymnastique-artistique-lambersart.fr\/?attachment_id=2497\" rel=\"attachment wp-att-2497\">Information aux adh\u00e9rents &#8211; Dons<\/a><\/p>\n<p>&nbsp;<\/p>\n","protected":false},"excerpt":{"rendered":"<p>Don \u00e0 l&#8217;association, faisant b\u00e9n\u00e9ficier d&#8217;une r\u00e9duction d&#8217;imp\u00f4t : Particuliers : 66 % du montant du don, dans la limite de 20 % du revenu imposable Entreprises : 60 % du montant du don, dans la limite de 0,5 % du chiffre d&#8217;affaires hors taxe (avec possibilit\u00e9 de report sur 5 ans en cas de &hellip;<\/p>\n<p class=\"read-more\"> <a class=\"\" href=\"https:\/\/gymnastique-artistique-lambersart.fr\/?product=don-a-lassociation\"> <span class=\"screen-reader-text\">Don \u00e0 l&#8217;association<\/span> Lire la suite\u00a0\u00bb<\/a><\/p>\n","protected":false},"featured_media":2496,"comment_status":"open","ping_status":"closed","template":"","meta":[],"product_brand":[],"product_cat":[63],"product_tag":[64],"class_list":{"0":"post-2493","1":"product","2":"type-product","3":"status-publish","4":"has-post-thumbnail","6":"product_cat-don","7":"product_tag-don","9":"first","10":"instock","11":"sold-individually","12":"shipping-taxable","13":"purchasable","14":"product-type-simple"},"jetpack_sharing_enabled":true,"_links":{"self":[{"href":"https:\/\/gymnastique-artistique-lambersart.fr\/index.php?rest_route=\/wp\/v2\/product\/2493","targetHints":{"allow":["GET"]}}],"collection":[{"href":"https:\/\/gymnastique-artistique-lambersart.fr\/index.php?rest_route=\/wp\/v2\/product"}],"about":[{"href":"https:\/\/gymnastique-artistique-lambersart.fr\/index.php?rest_route=\/wp\/v2\/types\/product"}],"replies":[{"embeddable":true,"href":"https:\/\/gymnastique-artistique-lambersart.fr\/index.php?rest_route=%2Fwp%2Fv2%2Fcomments&post=2493"}],"wp:featuredmedia":[{"embeddable":true,"href":"https:\/\/gymnastique-artistique-lambersart.fr\/index.php?rest_route=\/wp\/v2\/media\/2496"}],"wp:attachment":[{"href":"https:\/\/gymnastique-artistique-lambersart.fr\/index.php?rest_route=%2Fwp%2Fv2%2Fmedia&parent=2493"}],"wp:term":[{"taxonomy":"product_brand","embeddable":true,"href":"https:\/\/gymnastique-artistique-lambersart.fr\/index.php?rest_route=%2Fwp%2Fv2%2Fproduct_brand&post=2493"},{"taxonomy":"product_cat","embeddable":true,"href":"https:\/\/gymnastique-artistique-lambersart.fr\/index.php?rest_route=%2Fwp%2Fv2%2Fproduct_cat&post=2493"},{"taxonomy":"product_tag","embeddable":true,"href":"https:\/\/gymnastique-artistique-lambersart.fr\/index.php?rest_route=%2Fwp%2Fv2%2Fproduct_tag&post=2493"}],"curies":[{"name":"wp","href":"https:\/\/api.w.org\/{rel}","templated":true}]}}