{"id":19,"date":"2021-10-05T13:33:37","date_gmt":"2021-10-05T11:33:37","guid":{"rendered":"https:\/\/gymnastique-artistique-lambersart.fr\/?page_id=19"},"modified":"2023-06-22T23:38:06","modified_gmt":"2023-06-22T21:38:06","slug":"evenements","status":"publish","type":"page","link":"https:\/\/gymnastique-artistique-lambersart.fr\/?page_id=19","title":{"rendered":"Calendrier"},"content":{"rendered":"\t\t<div data-elementor-type=\"wp-page\" data-elementor-id=\"19\" class=\"elementor elementor-19\">\n\t\t\t\t\t\t<section class=\"elementor-section elementor-top-section elementor-element elementor-element-55f4eba elementor-section-boxed elementor-section-height-default elementor-section-height-default\" data-id=\"55f4eba\" data-element_type=\"section\" data-e-type=\"section\" data-settings=\"{&quot;background_background&quot;:&quot;classic&quot;}\">\n\t\t\t\t\t\t<div class=\"elementor-container elementor-column-gap-default\">\n\t\t\t\t\t<div class=\"elementor-column elementor-col-100 elementor-top-column elementor-element elementor-element-478f0219\" data-id=\"478f0219\" data-element_type=\"column\" data-e-type=\"column\">\n\t\t\t<div class=\"elementor-widget-wrap elementor-element-populated\">\n\t\t\t\t\t\t<div class=\"elementor-element elementor-element-6afb53fd elementor-widget elementor-widget-heading\" data-id=\"6afb53fd\" data-element_type=\"widget\" data-e-type=\"widget\" data-widget_type=\"heading.default\">\n\t\t\t\t<div class=\"elementor-widget-container\">\n\t\t\t\t\t<h2 class=\"elementor-heading-title elementor-size-xl\">Calendrier<\/h2>\t\t\t\t<\/div>\n\t\t\t\t<\/div>\n\t\t\t\t\t<\/div>\n\t\t<\/div>\n\t\t\t\t\t<\/div>\n\t\t<\/section>\n\t\t\t\t<section class=\"elementor-section elementor-top-section elementor-element elementor-element-4a3ec44 elementor-section-boxed elementor-section-height-default elementor-section-height-default\" data-id=\"4a3ec44\" data-element_type=\"section\" data-e-type=\"section\">\n\t\t\t\t\t\t<div class=\"elementor-container elementor-column-gap-default\">\n\t\t\t\t\t<div class=\"elementor-column elementor-col-100 elementor-top-column elementor-element elementor-element-6b47c5f\" data-id=\"6b47c5f\" data-element_type=\"column\" data-e-type=\"column\">\n\t\t\t<div class=\"elementor-widget-wrap elementor-element-populated\">\n\t\t\t\t\t\t<div class=\"elementor-element elementor-element-407a0da elementor-widget elementor-widget-spacer\" data-id=\"407a0da\" data-element_type=\"widget\" data-e-type=\"widget\" data-widget_type=\"spacer.default\">\n\t\t\t\t<div class=\"elementor-widget-container\">\n\t\t\t\t\t\t\t<div class=\"elementor-spacer\">\n\t\t\t<div class=\"elementor-spacer-inner\"><\/div>\n\t\t<\/div>\n\t\t\t\t\t\t<\/div>\n\t\t\t\t<\/div>\n\t\t\t\t<div class=\"elementor-element elementor-element-1f68b2e elementor-widget elementor-widget-eael-event-calendar\" data-id=\"1f68b2e\" data-element_type=\"widget\" data-e-type=\"widget\" data-widget_type=\"eael-event-calendar.default\">\n\t\t\t\t<div class=\"elementor-widget-container\">\n\t\t\t\t\t<div class=\"eael-event-calendar-wrapper layout-calendar\"><div id=\"eael-event-calendar-1f68b2e\" class=\"eael-event-calendar-cls\"\n            data-cal_id = \"1f68b2e\"\n            data-locale = \"fr\"\n            data-translate = \"{&quot;today&quot;:&quot;Today&quot;,&quot;tomorrow&quot;:&quot;Tomorrow&quot;}\"\n            data-defaultview = \"dayGridMonth\"\n            data-defaultdate = \"2026-04-19\"\n            data-time_format = \"\"\n            data-event_limit = \"3\"\n            data-popup_date_format = \"MMM Do\"\n            data-multidays_event_day_count= \"0\"\n            data-monthColumnHeaderFormat = \"\"\n            data-weekColumnHeaderFormat = \"\"\n            data-hideDetailsLink= \"\"\n            data-detailsButtonText = \"d\u00e9tails\"\n            data-location-display = \"\"\n            data-events=\"[{&quot;id&quot;:0,&quot;title&quot;:&quot;Pr\\u00e9-inscriptions Pr\\u00e9-baby, Baby, Eveil, Initiations&quot;,&quot;description&quot;:&quot;&quot;,&quot;start&quot;:&quot;2022-09-08&quot;,&quot;end&quot;:&quot;2022-09-09&quot;,&quot;borderColor&quot;:&quot;#E8E6ED&quot;,&quot;textColor&quot;:&quot;#ffffff&quot;,&quot;color&quot;:&quot;#5725ff&quot;,&quot;url&quot;:&quot;&quot;,&quot;allDay&quot;:&quot;yes&quot;,&quot;external&quot;:&quot;&quot;,&quot;nofollow&quot;:&quot;&quot;,&quot;is_redirect&quot;:&quot;&quot;,&quot;custom_attributes&quot;:[],&quot;location&quot;:&quot;&quot;,&quot;category&quot;:&quot;&quot;,&quot;event_link&quot;:{&quot;url&quot;:&quot;&quot;,&quot;is_external&quot;:&quot;&quot;,&quot;nofollow&quot;:&quot;&quot;,&quot;custom_attributes&quot;:&quot;&quot;}},{&quot;id&quot;:1,&quot;title&quot;:&quot;Open Gym Adultes&quot;,&quot;description&quot;:&quot;&quot;,&quot;start&quot;:&quot;2023-04-08 19:00&quot;,&quot;end&quot;:&quot;2023-04-08 23:00:01&quot;,&quot;borderColor&quot;:&quot;#E8E6ED&quot;,&quot;textColor&quot;:&quot;#ffffff&quot;,&quot;color&quot;:&quot;#5725ff&quot;,&quot;url&quot;:&quot;&quot;,&quot;allDay&quot;:&quot;&quot;,&quot;external&quot;:&quot;&quot;,&quot;nofollow&quot;:&quot;&quot;,&quot;is_redirect&quot;:&quot;&quot;,&quot;custom_attributes&quot;:[],&quot;location&quot;:&quot;&quot;,&quot;category&quot;:&quot;&quot;,&quot;event_link&quot;:{&quot;url&quot;:&quot;&quot;,&quot;is_external&quot;:&quot;&quot;,&quot;nofollow&quot;:&quot;&quot;,&quot;custom_attributes&quot;:&quot;&quot;}},{&quot;id&quot;:2,&quot;title&quot;:&quot;Open Gym Enfants&quot;,&quot;description&quot;:&quot;&quot;,&quot;start&quot;:&quot;2023-04-08 19:00&quot;,&quot;end&quot;:&quot;2023-04-08 23:00:01&quot;,&quot;borderColor&quot;:&quot;#E8E6ED&quot;,&quot;textColor&quot;:&quot;#ffffff&quot;,&quot;color&quot;:&quot;#5725ff&quot;,&quot;url&quot;:&quot;&quot;,&quot;allDay&quot;:&quot;&quot;,&quot;external&quot;:&quot;&quot;,&quot;nofollow&quot;:&quot;&quot;,&quot;is_redirect&quot;:&quot;&quot;,&quot;custom_attributes&quot;:[],&quot;location&quot;:&quot;&quot;,&quot;category&quot;:&quot;&quot;,&quot;event_link&quot;:{&quot;url&quot;:&quot;&quot;,&quot;is_external&quot;:&quot;&quot;,&quot;nofollow&quot;:&quot;&quot;,&quot;custom_attributes&quot;:&quot;&quot;}},{&quot;id&quot;:3,&quot;title&quot;:&quot;F\\u00eate du Club !&quot;,&quot;description&quot;:&quot;&quot;,&quot;start&quot;:&quot;2023-06-24 21:00&quot;,&quot;end&quot;:&quot;2023-06-24 00:19:01&quot;,&quot;borderColor&quot;:&quot;#E8E6ED&quot;,&quot;textColor&quot;:&quot;#ffffff&quot;,&quot;color&quot;:&quot;#5725ff&quot;,&quot;url&quot;:&quot;&quot;,&quot;allDay&quot;:&quot;&quot;,&quot;external&quot;:&quot;&quot;,&quot;nofollow&quot;:&quot;&quot;,&quot;is_redirect&quot;:&quot;&quot;,&quot;custom_attributes&quot;:[],&quot;location&quot;:&quot;&quot;,&quot;category&quot;:&quot;&quot;,&quot;event_link&quot;:{&quot;url&quot;:&quot;&quot;,&quot;is_external&quot;:&quot;&quot;,&quot;nofollow&quot;:&quot;&quot;,&quot;custom_attributes&quot;:&quot;&quot;}}]\"\n            data-thumbnail_position = \"\"\n            data-first_day=\"1\"><\/div><div id=\"eaelecModal\" class=\"eaelec-modal eael-zoom-in\">\n            <div class=\"eaelec-modal-content\">\n                <div class=\"eaelec-modal-header\">\n                    <div class=\"eaelec-modal-close\"><span><i class=\"fas fa-times\"><\/i><\/span><\/div>\n                    <h2 class=\"eael-ec-modal-title\"><\/h2>\n                    <span class=\"eaelec-event-date-start eaelec-event-popup-date\"><\/span>\n                    <span class=\"eaelec-event-date-end eaelec-event-popup-date\"><\/span>\n                    <span class=\"eaelec-event-location eaelec-event-popup-location\" style=\"display: none;\"><\/span>\n                <\/div>\n                <div class=\"eaelec-modal-body\">\n                    <p><\/p>\n                <\/div>\n                <div class=\"eaelec-modal-footer\">\n                    <a class=\"eaelec-event-details-link\">d\u00e9tails<\/a>\n                <\/div>\n            <\/div>\n        <\/div><\/div>\t\t\t\t<\/div>\n\t\t\t\t<\/div>\n\t\t\t\t<div class=\"elementor-element elementor-element-0e848dc elementor-widget elementor-widget-spacer\" data-id=\"0e848dc\" data-element_type=\"widget\" data-e-type=\"widget\" data-widget_type=\"spacer.default\">\n\t\t\t\t<div class=\"elementor-widget-container\">\n\t\t\t\t\t\t\t<div class=\"elementor-spacer\">\n\t\t\t<div class=\"elementor-spacer-inner\"><\/div>\n\t\t<\/div>\n\t\t\t\t\t\t<\/div>\n\t\t\t\t<\/div>\n\t\t\t\t\t<\/div>\n\t\t<\/div>\n\t\t\t\t\t<\/div>\n\t\t<\/section>\n\t\t\t\t<section class=\"elementor-section elementor-top-section elementor-element elementor-element-44b34a44 elementor-section-boxed elementor-section-height-default elementor-section-height-default\" data-id=\"44b34a44\" data-element_type=\"section\" data-e-type=\"section\" data-settings=\"{&quot;background_background&quot;:&quot;classic&quot;}\">\n\t\t\t\t\t\t<div class=\"elementor-container elementor-column-gap-default\">\n\t\t\t\t\t<div class=\"elementor-column elementor-col-100 elementor-top-column elementor-element elementor-element-477a5bf4\" data-id=\"477a5bf4\" data-element_type=\"column\" data-e-type=\"column\">\n\t\t\t<div class=\"elementor-widget-wrap elementor-element-populated\">\n\t\t\t\t\t\t<div class=\"elementor-element elementor-element-429826c4 elementor-widget elementor-widget-spacer\" data-id=\"429826c4\" data-element_type=\"widget\" data-e-type=\"widget\" data-widget_type=\"spacer.default\">\n\t\t\t\t<div class=\"elementor-widget-container\">\n\t\t\t\t\t\t\t<div class=\"elementor-spacer\">\n\t\t\t<div class=\"elementor-spacer-inner\"><\/div>\n\t\t<\/div>\n\t\t\t\t\t\t<\/div>\n\t\t\t\t<\/div>\n\t\t\t\t<section class=\"elementor-section elementor-inner-section elementor-element elementor-element-56f340f0 elementor-section-boxed elementor-section-height-default elementor-section-height-default\" data-id=\"56f340f0\" data-element_type=\"section\" data-e-type=\"section\">\n\t\t\t\t\t\t<div class=\"elementor-container elementor-column-gap-default\">\n\t\t\t\t\t<div class=\"elementor-column elementor-col-50 elementor-inner-column elementor-element elementor-element-13c23d72\" data-id=\"13c23d72\" data-element_type=\"column\" data-e-type=\"column\">\n\t\t\t<div class=\"elementor-widget-wrap elementor-element-populated\">\n\t\t\t\t\t\t<div class=\"elementor-element elementor-element-77446121 elementor-widget elementor-widget-heading\" data-id=\"77446121\" data-element_type=\"widget\" data-e-type=\"widget\" data-widget_type=\"heading.default\">\n\t\t\t\t<div class=\"elementor-widget-container\">\n\t\t\t\t\t<h2 class=\"elementor-heading-title elementor-size-default\">Pour nous contacter...<\/h2>\t\t\t\t<\/div>\n\t\t\t\t<\/div>\n\t\t\t\t<div class=\"elementor-element elementor-element-74f8c887 elementor-icon-list--layout-traditional elementor-list-item-link-full_width elementor-widget elementor-widget-icon-list\" data-id=\"74f8c887\" data-element_type=\"widget\" data-e-type=\"widget\" data-widget_type=\"icon-list.default\">\n\t\t\t\t<div class=\"elementor-widget-container\">\n\t\t\t\t\t\t\t<ul class=\"elementor-icon-list-items\">\n\t\t\t\t\t\t\t<li class=\"elementor-icon-list-item\">\n\t\t\t\t\t\t\t\t\t\t\t<span class=\"elementor-icon-list-icon\">\n\t\t\t\t\t\t\t<i aria-hidden=\"true\" class=\"fas fa-map-marker-alt\"><\/i>\t\t\t\t\t\t<\/span>\n\t\t\t\t\t\t\t\t\t\t<span class=\"elementor-icon-list-text\">Complexe Norbert S\u00e9gard, 66 rue Mar\u00e9chal Juin <br>59130, Lambersart<\/span>\n\t\t\t\t\t\t\t\t\t<\/li>\n\t\t\t\t\t\t\t\t<li class=\"elementor-icon-list-item\">\n\t\t\t\t\t\t\t\t\t\t\t<span class=\"elementor-icon-list-icon\">\n\t\t\t\t\t\t\t<i aria-hidden=\"true\" class=\"fas fa-envelope\"><\/i>\t\t\t\t\t\t<\/span>\n\t\t\t\t\t\t\t\t\t\t<span class=\"elementor-icon-list-text\">smglambersartga@gmail.com<\/span>\n\t\t\t\t\t\t\t\t\t<\/li>\n\t\t\t\t\t\t<\/ul>\n\t\t\t\t\t\t<\/div>\n\t\t\t\t<\/div>\n\t\t\t\t<div class=\"elementor-element elementor-element-29c72c0f e-grid-align-left elementor-shape-rounded elementor-grid-0 elementor-widget elementor-widget-social-icons\" data-id=\"29c72c0f\" data-element_type=\"widget\" data-e-type=\"widget\" data-widget_type=\"social-icons.default\">\n\t\t\t\t<div class=\"elementor-widget-container\">\n\t\t\t\t\t\t\t<div class=\"elementor-social-icons-wrapper elementor-grid\" role=\"list\">\n\t\t\t\t\t\t\t<span class=\"elementor-grid-item\" role=\"listitem\">\n\t\t\t\t\t<a class=\"elementor-icon elementor-social-icon elementor-social-icon-facebook elementor-animation-shrink elementor-repeater-item-24492d9\" target=\"_blank\">\n\t\t\t\t\t\t<span class=\"elementor-screen-only\">Facebook<\/span>\n\t\t\t\t\t\t<i aria-hidden=\"true\" class=\"fab fa-facebook\"><\/i>\t\t\t\t\t<\/a>\n\t\t\t\t<\/span>\n\t\t\t\t\t\t\t<span class=\"elementor-grid-item\" role=\"listitem\">\n\t\t\t\t\t<a class=\"elementor-icon elementor-social-icon elementor-social-icon-twitter elementor-animation-shrink elementor-repeater-item-7770d02\" target=\"_blank\">\n\t\t\t\t\t\t<span class=\"elementor-screen-only\">Twitter<\/span>\n\t\t\t\t\t\t<i aria-hidden=\"true\" class=\"fab fa-twitter\"><\/i>\t\t\t\t\t<\/a>\n\t\t\t\t<\/span>\n\t\t\t\t\t\t\t<span class=\"elementor-grid-item\" role=\"listitem\">\n\t\t\t\t\t<a class=\"elementor-icon elementor-social-icon elementor-social-icon-youtube elementor-animation-shrink elementor-repeater-item-cc44053\" target=\"_blank\">\n\t\t\t\t\t\t<span class=\"elementor-screen-only\">Youtube<\/span>\n\t\t\t\t\t\t<i aria-hidden=\"true\" class=\"fab fa-youtube\"><\/i>\t\t\t\t\t<\/a>\n\t\t\t\t<\/span>\n\t\t\t\t\t<\/div>\n\t\t\t\t\t\t<\/div>\n\t\t\t\t<\/div>\n\t\t\t\t\t<\/div>\n\t\t<\/div>\n\t\t\t\t<div class=\"elementor-column elementor-col-50 elementor-inner-column elementor-element elementor-element-7cf8df68\" data-id=\"7cf8df68\" data-element_type=\"column\" data-e-type=\"column\">\n\t\t\t<div class=\"elementor-widget-wrap elementor-element-populated\">\n\t\t\t\t\t\t<div class=\"elementor-element elementor-element-14df84a elementor-widget elementor-widget-google_maps\" data-id=\"14df84a\" data-element_type=\"widget\" data-e-type=\"widget\" data-widget_type=\"google_maps.default\">\n\t\t\t\t<div class=\"elementor-widget-container\">\n\t\t\t\t\t\t\t<div class=\"elementor-custom-embed\">\n\t\t\t<iframe loading=\"lazy\"\n\t\t\t\t\tsrc=\"https:\/\/maps.google.com\/maps?q=Complexe%20Norbert%20S%C3%A9gard%2C%20rue%20Mar%C3%A9chal%20Juin%20%C3%A0%20Lambersart.&#038;t=m&#038;z=10&#038;output=embed&#038;iwloc=near\"\n\t\t\t\t\ttitle=\"Complexe Norbert S\u00e9gard, rue Mar\u00e9chal Juin \u00e0 Lambersart.\"\n\t\t\t\t\taria-label=\"Complexe Norbert S\u00e9gard, rue Mar\u00e9chal Juin \u00e0 Lambersart.\"\n\t\t\t><\/iframe>\n\t\t<\/div>\n\t\t\t\t\t\t<\/div>\n\t\t\t\t<\/div>\n\t\t\t\t\t<\/div>\n\t\t<\/div>\n\t\t\t\t\t<\/div>\n\t\t<\/section>\n\t\t\t\t<div class=\"elementor-element elementor-element-6419ac13 elementor-widget elementor-widget-spacer\" data-id=\"6419ac13\" data-element_type=\"widget\" data-e-type=\"widget\" data-widget_type=\"spacer.default\">\n\t\t\t\t<div class=\"elementor-widget-container\">\n\t\t\t\t\t\t\t<div class=\"elementor-spacer\">\n\t\t\t<div class=\"elementor-spacer-inner\"><\/div>\n\t\t<\/div>\n\t\t\t\t\t\t<\/div>\n\t\t\t\t<\/div>\n\t\t\t\t\t<\/div>\n\t\t<\/div>\n\t\t\t\t\t<\/div>\n\t\t<\/section>\n\t\t\t\t<\/div>\n\t\t","protected":false},"excerpt":{"rendered":"<p>Calendrier d\u00e9tails Pour nous contacter&#8230; Complexe Norbert S\u00e9gard, 66 rue Mar\u00e9chal Juin 59130, Lambersart smglambersartga@gmail.com Facebook Twitter Youtube<\/p>\n","protected":false},"author":1,"featured_media":0,"parent":0,"menu_order":0,"comment_status":"closed","ping_status":"closed","template":"","meta":{"footnotes":""},"class_list":["post-19","page","type-page","status-publish","hentry"],"jetpack_sharing_enabled":true,"_links":{"self":[{"href":"https:\/\/gymnastique-artistique-lambersart.fr\/index.php?rest_route=\/wp\/v2\/pages\/19","targetHints":{"allow":["GET"]}}],"collection":[{"href":"https:\/\/gymnastique-artistique-lambersart.fr\/index.php?rest_route=\/wp\/v2\/pages"}],"about":[{"href":"https:\/\/gymnastique-artistique-lambersart.fr\/index.php?rest_route=\/wp\/v2\/types\/page"}],"author":[{"embeddable":true,"href":"https:\/\/gymnastique-artistique-lambersart.fr\/index.php?rest_route=\/wp\/v2\/users\/1"}],"replies":[{"embeddable":true,"href":"https:\/\/gymnastique-artistique-lambersart.fr\/index.php?rest_route=%2Fwp%2Fv2%2Fcomments&post=19"}],"version-history":[{"count":28,"href":"https:\/\/gymnastique-artistique-lambersart.fr\/index.php?rest_route=\/wp\/v2\/pages\/19\/revisions"}],"predecessor-version":[{"id":1246,"href":"https:\/\/gymnastique-artistique-lambersart.fr\/index.php?rest_route=\/wp\/v2\/pages\/19\/revisions\/1246"}],"wp:attachment":[{"href":"https:\/\/gymnastique-artistique-lambersart.fr\/index.php?rest_route=%2Fwp%2Fv2%2Fmedia&parent=19"}],"curies":[{"name":"wp","href":"https:\/\/api.w.org\/{rel}","templated":true}]}}